{"id":226,"date":"2022-11-02T19:23:06","date_gmt":"2022-11-02T19:23:06","guid":{"rendered":"https:\/\/przedszkole58.com.pl\/?page_id=226"},"modified":"2026-04-01T18:32:11","modified_gmt":"2026-04-01T18:32:11","slug":"rada-rodzicow","status":"publish","type":"page","link":"https:\/\/przedszkole58.com.pl\/index.php\/rada-rodzicow\/","title":{"rendered":"Rada Rodzic\u00f3w"},"content":{"rendered":"<p class=\"has-text-align-center has-medium-font-size\"><strong>Cz\u0142onkowie Przedszkolnej Rady Rodzic\u00f3w<\/strong><\/p><p class=\"has-text-align-center\"><strong>Przewodnicz\u0105ca :<\/strong> Magdalena Mieczkowska \u2013 Leus<\/p><p class=\"has-text-align-center\"><strong>Zast\u0119pca przewodnicz\u0105cej:<\/strong>&nbsp;<\/p><p class=\"has-text-align-center\"><strong>Skarbnik:&nbsp;<\/strong><\/p>","protected":false},"excerpt":{"rendered":"<p>Cz\u0142onkowie Przedszkolnej Rady Rodzic\u00f3w Przewodnicz\u0105ca : Magdalena Mieczkowska \u2013 Leus Zast\u0119pca przewodnicz\u0105cej:&nbsp; Skarbnik:&nbsp;<\/p>\n","protected":false},"author":1,"featured_media":0,"parent":0,"menu_order":0,"comment_status":"closed","ping_status":"closed","template":"","meta":{"ngg_post_thumbnail":0},"_links":{"self":[{"href":"https:\/\/przedszkole58.com.pl\/index.php\/wp-json\/wp\/v2\/pages\/226"}],"collection":[{"href":"https:\/\/przedszkole58.com.pl\/index.php\/wp-json\/wp\/v2\/pages"}],"about":[{"href":"https:\/\/przedszkole58.com.pl\/index.php\/wp-json\/wp\/v2\/types\/page"}],"author":[{"embeddable":true,"href":"https:\/\/przedszkole58.com.pl\/index.php\/wp-json\/wp\/v2\/users\/1"}],"replies":[{"embeddable":true,"href":"https:\/\/przedszkole58.com.pl\/index.php\/wp-json\/wp\/v2\/comments?post=226"}],"version-history":[{"count":4,"href":"https:\/\/przedszkole58.com.pl\/index.php\/wp-json\/wp\/v2\/pages\/226\/revisions"}],"predecessor-version":[{"id":1514,"href":"https:\/\/przedszkole58.com.pl\/index.php\/wp-json\/wp\/v2\/pages\/226\/revisions\/1514"}],"wp:attachment":[{"href":"https:\/\/przedszkole58.com.pl\/index.php\/wp-json\/wp\/v2\/media?parent=226"}],"curies":[{"name":"wp","href":"https:\/\/api.w.org\/{rel}","templated":true}]}}