{"id":222,"date":"2022-11-02T19:22:42","date_gmt":"2022-11-02T19:22:42","guid":{"rendered":"https:\/\/przedszkole58.com.pl\/?page_id=222"},"modified":"2025-10-21T06:54:08","modified_gmt":"2025-10-21T06:54:08","slug":"numery-kont","status":"publish","type":"page","link":"https:\/\/przedszkole58.com.pl\/index.php\/numery-kont\/","title":{"rendered":"Numery kont"},"content":{"rendered":"<div class=\"is-layout-flex wp-container-3 wp-block-columns\"><div class=\"is-layout-flow wp-block-column\"><p class=\"has-vivid-green-cyan-background-color has-background has-medium-font-size\"><strong>Rada Rodzic\u00f3w<\/strong><\/p><p class=\"has-black-color has-text-color has-background\" style=\"background-color: #e7e7e7;\" data-mce-style=\"background-color: #e7e7e7;\"><strong>Rachunek odbiorcy:&nbsp;<\/strong><br>54 8591 0007 0051 0490 0058 0001<\/p><p class=\"has-background\" style=\"background-color: #fbfbfb;\" data-mce-style=\"background-color: #fbfbfb;\"><strong>Nazwa odbiorcy:&nbsp;<\/strong><br>Rada Rodzic\u00f3w Przedszkola nr 58<br>Adres odbiorcy:&nbsp;Sko\u015bna 2, 30-383 Krak\u00f3w<\/p><p class=\"has-white-color has-text-color has-background\" style=\"background-color: #525252;\" data-mce-style=\"background-color: #525252;\"><strong>Tytu\u0142 przelewu:&nbsp;<\/strong><br>Darowizna na rzecz Rady Rodzic\u00f3w,NUMER GRUPY, IMI\u0118 NAZWISKO (w przypadku wp\u0142aty na kolejne\/drugie dziecko prosimy o dopisanie numeru grupy oraz imienia i nazwiska dziecka w tytule przelewu)<\/p><\/div><div class=\"is-layout-flow wp-block-column\"><p class=\"has-white-color has-text-color has-background\" style=\"background-color: #515151;\" data-mce-style=\"background-color: #515151;\"><br data-mce-bogus=\"1\"><\/p><\/div><\/div>","protected":false},"excerpt":{"rendered":"<p>Rada Rodzic\u00f3w Rachunek odbiorcy:&nbsp;54 8591 0007 0051 0490 0058 0001 Nazwa odbiorcy:&nbsp;Rada Rodzic\u00f3w Przedszkola nr 58Adres odbiorcy:&nbsp;Sko\u015bna 2, 30-383 Krak\u00f3w Tytu\u0142 przelewu:&nbsp;Darowizna na rzecz Rady Rodzic\u00f3w,NUMER GRUPY, IMI\u0118 NAZWISKO (w przypadku wp\u0142aty na kolejne\/drugie dziecko prosimy o dopisanie numeru grupy oraz imienia i nazwiska dziecka w tytule przelewu)<\/p>\n","protected":false},"author":1,"featured_media":0,"parent":0,"menu_order":0,"comment_status":"closed","ping_status":"closed","template":"","meta":{"ngg_post_thumbnail":1},"_links":{"self":[{"href":"https:\/\/przedszkole58.com.pl\/index.php\/wp-json\/wp\/v2\/pages\/222"}],"collection":[{"href":"https:\/\/przedszkole58.com.pl\/index.php\/wp-json\/wp\/v2\/pages"}],"about":[{"href":"https:\/\/przedszkole58.com.pl\/index.php\/wp-json\/wp\/v2\/types\/page"}],"author":[{"embeddable":true,"href":"https:\/\/przedszkole58.com.pl\/index.php\/wp-json\/wp\/v2\/users\/1"}],"replies":[{"embeddable":true,"href":"https:\/\/przedszkole58.com.pl\/index.php\/wp-json\/wp\/v2\/comments?post=222"}],"version-history":[{"count":10,"href":"https:\/\/przedszkole58.com.pl\/index.php\/wp-json\/wp\/v2\/pages\/222\/revisions"}],"predecessor-version":[{"id":1347,"href":"https:\/\/przedszkole58.com.pl\/index.php\/wp-json\/wp\/v2\/pages\/222\/revisions\/1347"}],"wp:attachment":[{"href":"https:\/\/przedszkole58.com.pl\/index.php\/wp-json\/wp\/v2\/media?parent=222"}],"curies":[{"name":"wp","href":"https:\/\/api.w.org\/{rel}","templated":true}]}}