{"id":144,"date":"2022-10-18T16:42:22","date_gmt":"2022-10-18T16:42:22","guid":{"rendered":"https:\/\/przedszkole58.com.pl\/?page_id=144"},"modified":"2022-10-18T17:02:59","modified_gmt":"2022-10-18T17:02:59","slug":"o-nas","status":"publish","type":"page","link":"https:\/\/przedszkole58.com.pl\/index.php\/o-nas\/","title":{"rendered":"O Nas"},"content":{"rendered":"\n<div class=\"is-layout-flex wp-container-3 wp-block-columns\">\n<div class=\"is-layout-flow wp-block-column\">\n<div class=\"wp-block-media-text alignwide has-media-on-the-right is-stacked-on-mobile is-image-fill\" style=\"grid-template-columns:auto 44%\"><figure class=\"wp-block-media-text__media\" style=\"background-image:url(https:\/\/przedszkole58.com.pl\/wp-content\/uploads\/2022\/10\/DSC00081-1.jpg);background-position:50% 50%\"><img decoding=\"async\" loading=\"lazy\" width=\"1920\" height=\"1440\" src=\"https:\/\/przedszkole58.com.pl\/wp-content\/uploads\/2022\/10\/DSC00081-1.jpg\" alt=\"\" class=\"wp-image-150 size-full\" srcset=\"https:\/\/przedszkole58.com.pl\/wp-content\/uploads\/2022\/10\/DSC00081-1.jpg 1920w, https:\/\/przedszkole58.com.pl\/wp-content\/uploads\/2022\/10\/DSC00081-1-300x225.jpg 300w, https:\/\/przedszkole58.com.pl\/wp-content\/uploads\/2022\/10\/DSC00081-1-1024x768.jpg 1024w, https:\/\/przedszkole58.com.pl\/wp-content\/uploads\/2022\/10\/DSC00081-1-768x576.jpg 768w, https:\/\/przedszkole58.com.pl\/wp-content\/uploads\/2022\/10\/DSC00081-1-1536x1152.jpg 1536w\" sizes=\"(max-width: 1920px) 100vw, 1920px\" \/><\/figure><div class=\"wp-block-media-text__content\">\n<h2>Misja<\/h2>\n\n\n\n<blockquote class=\"wp-block-quote\"><p>Jeste\u015bmy po to, aby zapewnic dziecku optymalny rozw\u00f3j, aby stworzyc warunki, w kt\u00f3rych dziecko bedzie czulo sie bezpiecznie, a na jego twarzy zawsze bedzie usmiech. Istniejemy dla rodzic\u00f3w, szerszego srodowiska i wlasnego rozwoju. Pragniemy rozbudzic w dziecku ciekawosc otaczajacego swiata poprzez kontakt z literatura, sztuka teatrem i muzyka. Chcemy, aby kazde dziecko uwierzylo we wlasne sily i mozliwosci, potrafilo wyrazac siebie i swoje odczucia w tw\u00f3rczosci teatralnej, plastycznej muzycznej, Chcemy wyzwolic w dziecku pozytywne nastawienie do otaczajacej rzeczywistosci, poprzez odkrywanie piekna, prawdy oraz odr\u00f3znianie dobra od zla, Dolozymy wielkich staran, aby dzieci byly wrazliwe na piekno i brzydote wsp\u00f3lczesnego swiata, byly osobami kreatywnymi i umialy tworzyc piekne przyjazne, harmonijne i praktyczne otoczenie, Dolozymy wszelkich staran, aby dziecko czulo sie bezpiece, otoczone bylo zyczliwoscia i serdecznoscia, wyrastalo w atmosferze szczerosci i mozliwosci prawidlowego i pelnego rozwoju na wielu plaszczyznach jego osobowosci, aby moglo czuc sie szczesliwe, Oferujemy naszym dzieci nasza wiedze, doswiadczenie, mila atmosfere i bogata oferte edukacyjna, Jestesmy otwarci na propozycje rodzic\u00f3w i ich udzial w zyciu przedszkola. Dysponujemy bogata baza dydaktyczna, sprzyjajaca wszechstronnemu rozwojowi dziecka zgodnie z jego mozliwosciami.<\/p><\/blockquote>\n<\/div><\/div>\n\n\n\n<p><\/p>\n\n\n\n<div class=\"is-content-justification-center is-layout-flex wp-container-1 wp-block-buttons\">\n<div class=\"wp-block-button\"><a class=\"wp-block-button__link has-background\" style=\"border-radius:21px;background-color:#009f65\">Nasze przedszkole wprowadza dziecko w \u015bwiat teatru, literatury, sztuki i muzyki. <br>Przedszkole kszta\u0142tuje i rozwija postawy tw\u00f3rcze swoich wychowank\u00f3w, <br>stosuje metody i techniki rozwijania zdolno\u015bci my\u015blenia<\/a><\/div>\n<\/div>\n<\/div>\n<\/div>\n\n\n\n<div class=\"wp-block-media-text alignwide is-stacked-on-mobile\"><figure class=\"wp-block-media-text__media\"><img decoding=\"async\" loading=\"lazy\" width=\"339\" height=\"225\" src=\"https:\/\/przedszkole58.com.pl\/wp-content\/uploads\/2022\/10\/przedszkole.jpg\" alt=\"\" class=\"wp-image-151 size-full\" srcset=\"https:\/\/przedszkole58.com.pl\/wp-content\/uploads\/2022\/10\/przedszkole.jpg 339w, https:\/\/przedszkole58.com.pl\/wp-content\/uploads\/2022\/10\/przedszkole-300x199.jpg 300w\" sizes=\"(max-width: 339px) 100vw, 339px\" \/><\/figure><div class=\"wp-block-media-text__content\">\n<blockquote class=\"wp-block-quote\"><p>Nasze przedszkole zaczelo funkcjonowac przy ulicy Skosnej 2 w marcu 2009r.Wczesniej miescilo sie w zabytkowym budynku na terenie Specjalistycznego Szpitala przy ulicy Babinskiego 29. Przedszkole jest otwarte od poniedzialku do piatku. W tym czasie dzieci uczestnicza w zabawach i zajeciach organizowanych przez nauczycielki. Zajecia sa dostosowane do potrzeb i indywidualnych mozliwosci dzieci. Praca dydaktyczno \u2013 wychowawcza realizowana jest w oparciu o program. W przedszkolu organizowane sa przedstawienia teatralne, koncerty muzyczne, wycieczki oraz uroczystosci : Pasowanie na 6 latka Andrzejki, Mikolajki, Spotkania oplatkowe z Jaselkami, Bale Karnawalowe, Dzien Babci i Dziadka, Dzien Matki i Ojca, Piknik Rodzinny pod haslem \u201eGdy w przedszkolu Dzien Rodziny, wszyscy dobrze sie bawimy\u201d, uroczyste zakonczenie roku szkolnego 6-latk\u00f3w. Osiagniecia dzieci prezentujemy w srodowisku poprzez czynny udzial w r\u00f3znych konkursach i przegladach: tanecznych, teatralnych, sportowych.<\/p><\/blockquote>\n<\/div><\/div>\n\n\n\n<div class=\"wp-block-media-text alignwide has-media-on-the-right is-stacked-on-mobile\"><figure class=\"wp-block-media-text__media\"><img decoding=\"async\" src=\"https:\/\/przedszkole58.com.pl\/wp-content\/uploads\/2022\/10\/zabawa-mata-kreatywna-576x1024.jpg\" alt=\"\" class=\"wp-image-153 size-full\"\/><\/figure><div class=\"wp-block-media-text__content\">\n<h2>Baza przedszkola<\/h2>\n\n\n\n<blockquote class=\"wp-block-quote\"><p>Przedszkole nr 58 w Krakowie zlokalizowane jest w poblizu nowych osiedli na obrzezach Krakowa. Dzieci uczeszczajace do naszej plac\u00f3wki zamieszkuja gl\u00f3wnie otaczajace go osiedla.<\/p><\/blockquote>\n\n\n\n<blockquote class=\"wp-block-quote\"><p>Przedszkole miesci sie w wolnostojacym, pietrowym budynku. Jego atutem jest okazaly ogr\u00f3d, wyposazony w sprzet do zajec i zabaw ruchowych.<\/p><p>Teren przedszkolny sprzyja zabawom na powietrzu oraz prowadzeniu obserwacji przyrodniczych.<\/p><p>Budynek i przylegajacy do niego ogr\u00f3d znajduje sie na terenie ogrodzonym.<\/p><p>W przedszkolu funkcjonuje 10 oddzial\u00f3w.<\/p><p>Plac\u00f3wka posiada 9 sal dydaktycznych, duza sale gimnastyczna wyposazona w niezbedny sprzet do cwiczen i zabaw ruchowych, salke do prowadzenia zajec logopedycznych, hol polaczony z amfiteatrem oraz przestronne zaplecze kuchenne, sanitarne i administracyjne.<\/p><p>Przedszkole jest kolorowe i bajeczne. Nowoczesne meble i kaciki zainteresowan oraz atrakcyjne zabawki zachecaja do swobodnej zabawy. Ciagle doskonalimy swoja baze lokalowa.<\/p><p>Nasz plac zabaw zaspokaja potrzeby ruchowe dzieci na swiezym powietrzu i zacheca do zabawy.<\/p><p>Dobra baza, wyposazenie, estetyka pomieszczen i otoczenia dopelnia dzialania dydaktyczno &#8211; wychowawcze i wplywa na wysoka ocene.<\/p><\/blockquote>\n<\/div><\/div>\n","protected":false},"excerpt":{"rendered":"<p>Misja Jeste\u015bmy po to, aby zapewnic dziecku optymalny rozw\u00f3j, aby stworzyc warunki, w kt\u00f3rych dziecko bedzie czulo sie bezpiecznie, a na jego twarzy zawsze bedzie usmiech. Istniejemy dla rodzic\u00f3w, szerszego srodowiska i wlasnego rozwoju. Pragniemy rozbudzic w dziecku ciekawosc otaczajacego swiata poprzez kontakt z literatura, sztuka teatrem i muzyka. Chcemy, aby kazde dziecko uwierzylo we [&hellip;]<\/p>\n","protected":false},"author":1,"featured_media":0,"parent":0,"menu_order":0,"comment_status":"closed","ping_status":"closed","template":"","meta":{"ngg_post_thumbnail":0},"_links":{"self":[{"href":"https:\/\/przedszkole58.com.pl\/index.php\/wp-json\/wp\/v2\/pages\/144"}],"collection":[{"href":"https:\/\/przedszkole58.com.pl\/index.php\/wp-json\/wp\/v2\/pages"}],"about":[{"href":"https:\/\/przedszkole58.com.pl\/index.php\/wp-json\/wp\/v2\/types\/page"}],"author":[{"embeddable":true,"href":"https:\/\/przedszkole58.com.pl\/index.php\/wp-json\/wp\/v2\/users\/1"}],"replies":[{"embeddable":true,"href":"https:\/\/przedszkole58.com.pl\/index.php\/wp-json\/wp\/v2\/comments?post=144"}],"version-history":[{"count":3,"href":"https:\/\/przedszkole58.com.pl\/index.php\/wp-json\/wp\/v2\/pages\/144\/revisions"}],"predecessor-version":[{"id":154,"href":"https:\/\/przedszkole58.com.pl\/index.php\/wp-json\/wp\/v2\/pages\/144\/revisions\/154"}],"wp:attachment":[{"href":"https:\/\/przedszkole58.com.pl\/index.php\/wp-json\/wp\/v2\/media?parent=144"}],"curies":[{"name":"wp","href":"https:\/\/api.w.org\/{rel}","templated":true}]}}