{"id":1394,"date":"2025-11-28T13:21:33","date_gmt":"2025-11-28T13:21:33","guid":{"rendered":"https:\/\/przedszkole58.com.pl\/?page_id=1394"},"modified":"2026-04-01T18:43:12","modified_gmt":"2026-04-01T18:43:12","slug":"wazne-wydarzenia","status":"publish","type":"page","link":"https:\/\/przedszkole58.com.pl\/index.php\/wazne-wydarzenia\/","title":{"rendered":"Wa\u017cne wydarzenia"},"content":{"rendered":"[vc_row][vc_column][vc_column_text]\n<p style=\"text-align: center;\"><span style=\"font-size: 21px;\"><strong><span style=\"color: #339966;\">Pierwszy dzie\u0144 wiosny:)<\/span><\/strong><\/span><\/p>\n<p style=\"text-align: center;\">W pierwszy dzie\u0144 wiosny nasze dzieciaki szuka\u0142y pierwszych oznak wiosennych. Wzi\u0119\u0142y udzia\u0142 w radosnym i barwnym wydarzeniu. Uroczysto\u015b\u0107 rozpcz\u0119\u0142a si\u0119 od wsp\u00f3lnego pochodu, podczas kt\u00f3rego przedszkolaki nios\u0142y kwiaty oraz wiosenne kwiaty i ga\u0142\u0105zki .Dzieci z zaanga\u017cowaniem i u\u015bmiechem na twarzach \u015bpiewa\u0142y piosenk\u0119 &#8222;Maszeruje wiosna&#8221; wprowadzaj\u0105c wszystkich przechodni\u00f3w w pogodny i wiosenny nastr\u00f3j. Nast\u0119pnie grupy uda\u0142y si\u0119 na spacer do pobliskiego parku gdzie mog\u0142y podziwia\u0107 pierwsze oznaki wiosny. To by\u0142 wspania\u0142y dzie\u0144.:)<\/p>\n<p style=\"text-align: center;\"><span style=\"text-decoration: underline;\"><strong><span style=\"color: #ff0000; text-decoration: underline;\"><img decoding=\"async\" loading=\"lazy\" class=\"wp-image-1504 alignleft\" src=\"https:\/\/przedszkole58.com.pl\/wp-content\/uploads\/2026\/04\/IMG-20260320-WA0005-473x1024.jpg\" alt=\"\" width=\"345\" height=\"747\" srcset=\"https:\/\/przedszkole58.com.pl\/wp-content\/uploads\/2026\/04\/IMG-20260320-WA0005-473x1024.jpg 473w, https:\/\/przedszkole58.com.pl\/wp-content\/uploads\/2026\/04\/IMG-20260320-WA0005-139x300.jpg 139w, https:\/\/przedszkole58.com.pl\/wp-content\/uploads\/2026\/04\/IMG-20260320-WA0005-768x1663.jpg 768w, https:\/\/przedszkole58.com.pl\/wp-content\/uploads\/2026\/04\/IMG-20260320-WA0005-709x1536.jpg 709w, https:\/\/przedszkole58.com.pl\/wp-content\/uploads\/2026\/04\/IMG-20260320-WA0005.jpg 920w\" sizes=\"(max-width: 345px) 100vw, 345px\" \/><img decoding=\"async\" loading=\"lazy\" class=\"alignnone wp-image-1505 \" src=\"https:\/\/przedszkole58.com.pl\/wp-content\/uploads\/2026\/04\/IMG-20260320-WA0006-1024x472.jpg\" alt=\"\" width=\"753\" height=\"347\" srcset=\"https:\/\/przedszkole58.com.pl\/wp-content\/uploads\/2026\/04\/IMG-20260320-WA0006-1024x472.jpg 1024w, https:\/\/przedszkole58.com.pl\/wp-content\/uploads\/2026\/04\/IMG-20260320-WA0006-300x138.jpg 300w, https:\/\/przedszkole58.com.pl\/wp-content\/uploads\/2026\/04\/IMG-20260320-WA0006-768x354.jpg 768w, https:\/\/przedszkole58.com.pl\/wp-content\/uploads\/2026\/04\/IMG-20260320-WA0006-1536x707.jpg 1536w, https:\/\/przedszkole58.com.pl\/wp-content\/uploads\/2026\/04\/IMG-20260320-WA0006.jpg 2048w\" sizes=\"(max-width: 753px) 100vw, 753px\" \/><img decoding=\"async\" loading=\"lazy\" class=\"wp-image-1506 alignleft\" src=\"https:\/\/przedszkole58.com.pl\/wp-content\/uploads\/2026\/04\/IMG-20260320-WA0010-139x300.jpg\" alt=\"\" width=\"192\" height=\"414\"><\/span><\/strong><\/span><\/p>\n<p><img decoding=\"async\" loading=\"lazy\" class=\"wp-image-1511 alignnone\" src=\"https:\/\/przedszkole58.com.pl\/wp-content\/uploads\/2026\/04\/przebisnieg-300x198.jpg\" alt=\"\" width=\"470\" height=\"310\" srcset=\"https:\/\/przedszkole58.com.pl\/wp-content\/uploads\/2026\/04\/przebisnieg-300x198.jpg 300w, https:\/\/przedszkole58.com.pl\/wp-content\/uploads\/2026\/04\/przebisnieg.jpg 640w\" sizes=\"(max-width: 470px) 100vw, 470px\" \/><\/p>\n<p>&nbsp;<\/p>\n<p>&nbsp;<\/p>\n<p>&nbsp;<\/p>\n<p>&nbsp;<\/p>\n<p>&nbsp;<\/p>\n<p style=\"text-align: center;\"><span style=\"text-decoration: underline;\"><strong><span style=\"color: #ff0000; text-decoration: underline;\">Olimpiada sportowa<\/span><\/strong><\/span><\/p>\n<p style=\"padding-left: 40px; text-align: center;\"><span style=\"font-family: georgia, palatino;\">18 lutego w naszym Przedszkolu odby\u0142a si\u0119 X Zimowa Olimpiada Sportowa organizowana w ramach wsp\u00f3\u0142pracy z Samorz\u0105dowym Przedszkolem nr 67 im Polskich Olimpijczyk\u00f3w w Krakowie. W zawodach wzi\u0119\u0142y udzia\u0142 najm\u0142odsze przedszkolaki, kt\u00f3re z du\u017cym zaanga\u017cowaniem i rado\u015bci\u0105 uczestniczy\u0142y w przygotowanych konkurencjach sportowych. Dzieci rywalizowa\u0142y w takich dyscyplinach jak: jazda na nartach, slalom, jazda na sankach oraz taniec figurowy na \u015bniegu. Wszystkie konkurencje zosta\u0142y dostosowane do wieku i mo\u017cliwo\u015bci uczestnik\u00f3w. Podczas Olimpiady panowa\u0142a radosna atmosfera i wszyscy dopingowali si\u0119 nawzajem. Na zako\u0144czenie ka\u017cde dziecko otrzyma\u0142o z\u0142oty medal olimpijski za udzia\u0142 w Igrzyskach co by\u0142o pi\u0119knym podsumowaniem sportowych zmaga\u0144.<\/span><\/p>\n<p><img decoding=\"async\" loading=\"lazy\" class=\"alignnone wp-image-1471\" src=\"https:\/\/przedszkole58.com.pl\/wp-content\/uploads\/2026\/02\/20260218_103026-300x225.jpg\" alt=\"\" width=\"398\" height=\"299\" srcset=\"https:\/\/przedszkole58.com.pl\/wp-content\/uploads\/2026\/02\/20260218_103026-300x225.jpg 300w, https:\/\/przedszkole58.com.pl\/wp-content\/uploads\/2026\/02\/20260218_103026-1024x768.jpg 1024w, https:\/\/przedszkole58.com.pl\/wp-content\/uploads\/2026\/02\/20260218_103026-768x576.jpg 768w, https:\/\/przedszkole58.com.pl\/wp-content\/uploads\/2026\/02\/20260218_103026-1536x1152.jpg 1536w, https:\/\/przedszkole58.com.pl\/wp-content\/uploads\/2026\/02\/20260218_103026.jpg 1610w\" sizes=\"(max-width: 398px) 100vw, 398px\" \/><img decoding=\"async\" loading=\"lazy\" class=\"size-medium wp-image-1472 alignleft\" src=\"https:\/\/przedszkole58.com.pl\/wp-content\/uploads\/2026\/02\/20260218_104140-225x300.jpg\" alt=\"\" width=\"225\" height=\"300\" srcset=\"https:\/\/przedszkole58.com.pl\/wp-content\/uploads\/2026\/02\/20260218_104140-225x300.jpg 225w, https:\/\/przedszkole58.com.pl\/wp-content\/uploads\/2026\/02\/20260218_104140-768x1024.jpg 768w, https:\/\/przedszkole58.com.pl\/wp-content\/uploads\/2026\/02\/20260218_104140-1152x1536.jpg 1152w, https:\/\/przedszkole58.com.pl\/wp-content\/uploads\/2026\/02\/20260218_104140-1536x2048.jpg 1536w, https:\/\/przedszkole58.com.pl\/wp-content\/uploads\/2026\/02\/20260218_104140-scaled.jpg 1920w\" sizes=\"(max-width: 225px) 100vw, 225px\" \/><img decoding=\"async\" loading=\"lazy\" class=\"wp-image-1473 alignleft\" src=\"https:\/\/przedszkole58.com.pl\/wp-content\/uploads\/2026\/02\/20260218_103133-279x300.jpg\" alt=\"\" width=\"371\" height=\"399\" srcset=\"https:\/\/przedszkole58.com.pl\/wp-content\/uploads\/2026\/02\/20260218_103133-279x300.jpg 279w, https:\/\/przedszkole58.com.pl\/wp-content\/uploads\/2026\/02\/20260218_103133-953x1024.jpg 953w, https:\/\/przedszkole58.com.pl\/wp-content\/uploads\/2026\/02\/20260218_103133-768x825.jpg 768w, https:\/\/przedszkole58.com.pl\/wp-content\/uploads\/2026\/02\/20260218_103133-1430x1536.jpg 1430w, https:\/\/przedszkole58.com.pl\/wp-content\/uploads\/2026\/02\/20260218_103133-1907x2048.jpg 1907w\" sizes=\"(max-width: 371px) 100vw, 371px\" \/><\/p>\n<p>&nbsp;<\/p>\n<p style=\"text-align: center; margin-top: 5pt; margin-bottom: 5pt;\">&nbsp;<\/p>\n<p style=\"text-align: center; margin-top: 5pt; margin-bottom: 5pt;\">&nbsp;<\/p>\n<p style=\"text-align: center; margin-top: 5pt; margin-bottom: 5pt;\">&nbsp;<\/p>\n<p style=\"text-align: center; margin-top: 5pt; margin-bottom: 5pt;\">&nbsp;<\/p>\n<p style=\"text-align: center; margin-top: 5pt; margin-bottom: 5pt;\">&nbsp;<\/p>\n<p style=\"text-align: center; margin-top: 5pt; margin-bottom: 5pt;\">&nbsp;<\/p>\n<p style=\"text-align: center; margin-top: 5pt; margin-bottom: 5pt;\"><span style=\"font-family: 'Times New Roman'; font-size: 13.5pt; color: #ff0000; font-weight: bold;\"><img decoding=\"async\" loading=\"lazy\" class=\"size-medium wp-image-1412 alignleft\" src=\"https:\/\/przedszkole58.com.pl\/wp-content\/uploads\/2025\/12\/pies-1-292x300.jpg\" alt=\"\" width=\"292\" height=\"300\" srcset=\"https:\/\/przedszkole58.com.pl\/wp-content\/uploads\/2025\/12\/pies-1-292x300.jpg 292w, https:\/\/przedszkole58.com.pl\/wp-content\/uploads\/2025\/12\/pies-1.jpg 740w\" sizes=\"(max-width: 292px) 100vw, 292px\" \/><\/span><\/p>\n<p>&nbsp;<\/p>\n<p>&nbsp;<\/p>\n<p>&nbsp;<\/p>\n<p>&nbsp;<\/p>\n<p style=\"text-align: center; margin-top: 5pt; margin-bottom: 5pt;\"><span style=\"font-family: 'Times New Roman'; font-size: 13.5pt; color: #ff0000; font-weight: bold;\">Drodzy Rodzice!<\/span><\/p>\n<p style=\"text-align: center; margin-top: 5pt; margin-bottom: 5pt;\"><span style=\"font-family: georgia, palatino;\"><span style=\"font-size: 12pt;\">Serdecznie zapraszamy do w\u0142\u0105czenia si\u0119 w nasz\u0105 przedszkoln\u0105 akcj\u0119: <\/span><span style=\"font-size: 12pt; font-weight: bold;\">&#8222;Gwiazdka dla zwierz\u0105t <\/span><span style=\"font-size: 12pt; font-weight: bold;\">&#8222;<\/span><span style=\"font-size: 12pt;\">!<\/span><\/span><\/p>\n<p style=\"text-align: center; margin-top: 5pt; margin-bottom: 5pt;\"><span style=\"font-family: georgia, palatino;\"><span style=\"font-size: 12pt;\">Chcemy wsp\u00f3lnie z dzie\u0107mi zebra\u0107 karm\u0119 i niezb\u0119dne artyku\u0142y dla podopiecznych lokalnego <\/span><span style=\"font-size: 12pt;\">schroniska Krakowie.<\/span> <span style=\"font-size: 12pt;\">To wspania\u0142a okazja, by nauczy\u0107 dzieci empatii, odpowiedzialno\u015bci i rado\u015bci z pomagania potrzebuj\u0105cym zwierz\u0119tom.<\/span><\/span><\/p>\n<p style=\"text-align: center; margin-top: 0; margin-bottom: 0;\"><span style=\"font-family: georgia, palatino;\"><span style=\"font-weight: bold;\">Pami\u0119tajmy:<\/span> Nawet najmniejszy dar ma ogromne znaczenie dla porzuconych i bezdomnych zwierz\u0105t! Dzi\u0119kujemy za Pa\u0144stwa otwarte serca i wsparcie.<\/span><\/p>\n<p style=\"text-align: center; margin-top: 0; margin-bottom: 0;\"><span style=\"font-family: georgia, palatino;\">Z wyrazami szacunku,<\/span><\/p>\n<p style=\"text-align: center; margin-top: 0; margin-bottom: 0;\"><span style=\"font-family: georgia, palatino;\"><span style=\"font-weight: bold;\">Dyrekcja i Nauczyciele Przed<\/span><span style=\"font-weight: bold;\">szkola <\/span><\/span><\/p>\n<p>&nbsp;<\/p>\n<p>&nbsp;<\/p>\n<p>&nbsp;<\/p>\n<p>&nbsp;<\/p>\n<p style=\"text-align: center; margin-top: 0; margin-bottom: 0;\"><span style=\"font-family: 'Times New Roman'; font-size: 14pt; color: #ff0000; font-weight: bold;\">KONKURS RODZINNY \u201ePAMIATKA Z KRAKOWA \u2013 SMOK WAWELSKI<\/span><\/p>\n<p style=\"margin-top: 0px; margin-bottom: 0px; text-align: center;\"><span style=\"font-family: georgia, palatino; font-size: 15px;\">W listopadzie odby\u0142 si\u0119 w naszym przedszkolu rodzinny konkurs plastyczny <span style=\"color: #ff0000; font-weight: bold;\">\u201ePami\u0105tka z Krakowa &#8211; Smok Wawelski <\/span><span style=\"color: #ff0000; font-weight: bold;\">.<\/span> By\u0142o to wydarzenie nie tylko artystyczne, ale i edukacyjne, kt\u00f3re w pi\u0119kny spos\u00f3b po\u0142\u0105czy\u0142o poznawanie polskiej legendy z rozwojem <span style=\"font-weight: bold;\">kreatywno\u015bci<\/span> i <span style=\"font-weight: bold;\">zdolno\u015bci manualnych<\/span> naszych najm\u0142odszych.<\/span><\/p>\n<p style=\"margin-top: 0px; margin-bottom: 0px; text-align: center;\"><span style=\"font-family: georgia, palatino; font-size: 15px;\">Temat konkursu \u2013 <span style=\"font-weight: bold;\">Smok Wawelski<\/span> \u2013 okaza\u0142 si\u0119 by\u0107 niezwykle inspiruj\u0105cy dla wszystkich grup wiekowych. Na konkurs wp\u0142yn\u0119\u0142o imponuj\u0105ce 43 prace, z kt\u00f3rych ka\u017cda by\u0142a unikaln\u0105 interpretacj\u0105 s\u0142ynnej krakowskiej legendy.<\/span><\/p>\n<p style=\"margin-top: 0px; margin-bottom: 0px; text-align: center;\"><span style=\"font-family: georgia, palatino; font-size: 15px;\">Szczeg\u00f3lnie cieszy\u0142a bogata paleta technik plastycznych. Dzieci wykorzysta\u0142y nie tylko tradycyjne kredki i farby, ale tak\u017ce bibu\u0142\u0119, plastelin\u0119, brokat, a nawet elementy materia\u0142owe i surowce wt\u00f3rne (np. rolki po papierze, kawa\u0142ki karton\u00f3w). Dzi\u0119ki temu Smoki by\u0142y nie tylko p\u0142askie, ale przybiera\u0142y formy przestrzenne, co \u015bwiadczy o ogromnej wyobra\u017ani tw\u00f3rc\u00f3w.<\/span><\/p>\n<p style=\"margin-top: 0px; margin-bottom: 0px; text-align: center;\"><span style=\"font-family: georgia, palatino; font-size: 15px;\">Wszystkim ma\u0142ym artystom oraz ich Rodzicom nale\u017c\u0105 si\u0119 <span style=\"font-weight: bold;\">ogromne gratulacje<\/span> za w\u0142o\u017cony trud i serce w wykonanie prac. Komisja Konkursowa mia\u0142a niezwykle trudne zadanie, by wybra\u0107 zwyci\u0119zc\u00f3w.<\/span><\/p>\n<p style=\"margin-top: 0px; margin-bottom: 0px; text-align: center;\"><span style=\"font-family: georgia, palatino; font-weight: bold; font-size: 15px;\">Lista wyr\u00f3\u017cnionych&nbsp; os\u00f3b:<\/span><\/p>\n<p style=\"margin-top: 0px; margin-bottom: 0px; text-align: center;\"><span style=\"font-family: georgia, palatino; font-size: 15px;\">Grupa II: Igor Ch. , Joanna T, Cezary K. , Helena G. , <\/span><\/p>\n<p style=\"margin-top: 0px; margin-bottom: 0px; text-align: center;\"><span style=\"font-family: georgia, palatino; font-size: 15px;\">Grupa IV: Jan J., Ewa M. ,<\/span><\/p>\n<p style=\"margin-top: 0px; margin-bottom: 0px; text-align: center;\"><span style=\"font-family: georgia, palatino; font-size: 15px;\">Grypa VI: Zosia&nbsp; K.<\/span><\/p>\n<p style=\"margin-top: 0px; margin-bottom: 0px; text-align: center;\"><span style=\"font-family: georgia, palatino; font-size: 15px;\">Grupa VII: Wiktoria S., <\/span><\/p>\n<p style=\"margin-top: 0px; margin-bottom: 0px; text-align: center;\"><span style=\"font-family: georgia, palatino; font-size: 15px;\">Grupa VIII: Ma\u0142gosia K.<\/span><\/p>\n<p style=\"margin-top: 0px; margin-bottom: 0px; text-align: center;\"><span style=\"font-family: georgia, palatino; font-size: 15px;\">Grupa IX: Leon P. <\/span><\/p>\n<p style=\"margin-top: 0px; margin-bottom: 0px; text-align: center;\"><span style=\"font-family: georgia, palatino; font-size: 15px;\">Grupa X :Melania B., Aleksander W., Wiktor G. <\/span><\/p>\n<p style=\"margin-top: 0px; margin-bottom: 0px; text-align: center;\"><span style=\"font-family: georgia, palatino; font-size: 15px;\">Grupa III: Laura G.<\/span><\/p>\n<p style=\"text-align: center;\"><span style=\"font-family: georgia, palatino;\">Wszyscy uczestnicy otrzymaj\u0105 pami\u0105tkowe upominki.<\/span><\/p>\n<p><img decoding=\"async\" loading=\"lazy\" class=\"alignnone wp-image-1370 size-large\" src=\"https:\/\/przedszkole58.com.pl\/wp-content\/uploads\/2025\/11\/IMG_20251127_123542-1024x768.jpg\" alt=\"\" width=\"1024\" height=\"768\" srcset=\"https:\/\/przedszkole58.com.pl\/wp-content\/uploads\/2025\/11\/IMG_20251127_123542-1024x768.jpg 1024w, https:\/\/przedszkole58.com.pl\/wp-content\/uploads\/2025\/11\/IMG_20251127_123542-300x225.jpg 300w, https:\/\/przedszkole58.com.pl\/wp-content\/uploads\/2025\/11\/IMG_20251127_123542-768x576.jpg 768w, https:\/\/przedszkole58.com.pl\/wp-content\/uploads\/2025\/11\/IMG_20251127_123542-1536x1152.jpg 1536w, https:\/\/przedszkole58.com.pl\/wp-content\/uploads\/2025\/11\/IMG_20251127_123542-2048x1536.jpg 2048w\" sizes=\"(max-width: 1024px) 100vw, 1024px\" \/>&nbsp; &nbsp; &nbsp; &nbsp; <img decoding=\"async\" loading=\"lazy\" class=\"aligncenter wp-image-1372 size-large\" src=\"https:\/\/przedszkole58.com.pl\/wp-content\/uploads\/2025\/11\/IMG_20251127_123603-1024x768.jpg\" alt=\"\" width=\"1024\" height=\"768\" srcset=\"https:\/\/przedszkole58.com.pl\/wp-content\/uploads\/2025\/11\/IMG_20251127_123603-1024x768.jpg 1024w, https:\/\/przedszkole58.com.pl\/wp-content\/uploads\/2025\/11\/IMG_20251127_123603-300x225.jpg 300w, https:\/\/przedszkole58.com.pl\/wp-content\/uploads\/2025\/11\/IMG_20251127_123603-768x576.jpg 768w, https:\/\/przedszkole58.com.pl\/wp-content\/uploads\/2025\/11\/IMG_20251127_123603-1536x1152.jpg 1536w, https:\/\/przedszkole58.com.pl\/wp-content\/uploads\/2025\/11\/IMG_20251127_123603-2048x1536.jpg 2048w\" sizes=\"(max-width: 1024px) 100vw, 1024px\" \/>[\/vc_column_text][\/vc_column][\/vc_row]\n","protected":false},"excerpt":{"rendered":"<p>[vc_row][vc_column][vc_column_text] Pierwszy dzie\u0144 wiosny:) W pierwszy dzie\u0144 wiosny nasze dzieciaki szuka\u0142y pierwszych oznak wiosennych. Wzi\u0119\u0142y udzia\u0142 w radosnym i barwnym wydarzeniu. Uroczysto\u015b\u0107 rozpcz\u0119\u0142a si\u0119 od wsp\u00f3lnego pochodu, podczas kt\u00f3rego przedszkolaki nios\u0142y kwiaty oraz wiosenne kwiaty i ga\u0142\u0105zki .Dzieci z zaanga\u017cowaniem i u\u015bmiechem na twarzach \u015bpiewa\u0142y piosenk\u0119 &#8222;Maszeruje wiosna&#8221; wprowadzaj\u0105c wszystkich przechodni\u00f3w w pogodny i wiosenny [&hellip;]<\/p>\n","protected":false},"author":1,"featured_media":0,"parent":0,"menu_order":0,"comment_status":"closed","ping_status":"closed","template":"","meta":{"ngg_post_thumbnail":0},"_links":{"self":[{"href":"https:\/\/przedszkole58.com.pl\/index.php\/wp-json\/wp\/v2\/pages\/1394"}],"collection":[{"href":"https:\/\/przedszkole58.com.pl\/index.php\/wp-json\/wp\/v2\/pages"}],"about":[{"href":"https:\/\/przedszkole58.com.pl\/index.php\/wp-json\/wp\/v2\/types\/page"}],"author":[{"embeddable":true,"href":"https:\/\/przedszkole58.com.pl\/index.php\/wp-json\/wp\/v2\/users\/1"}],"replies":[{"embeddable":true,"href":"https:\/\/przedszkole58.com.pl\/index.php\/wp-json\/wp\/v2\/comments?post=1394"}],"version-history":[{"count":13,"href":"https:\/\/przedszkole58.com.pl\/index.php\/wp-json\/wp\/v2\/pages\/1394\/revisions"}],"predecessor-version":[{"id":1519,"href":"https:\/\/przedszkole58.com.pl\/index.php\/wp-json\/wp\/v2\/pages\/1394\/revisions\/1519"}],"wp:attachment":[{"href":"https:\/\/przedszkole58.com.pl\/index.php\/wp-json\/wp\/v2\/media?parent=1394"}],"curies":[{"name":"wp","href":"https:\/\/api.w.org\/{rel}","templated":true}]}}